{"id":95,"date":"2025-01-11T21:04:08","date_gmt":"2025-01-11T21:04:08","guid":{"rendered":"https:\/\/barbarabroda-malon.art.pl\/?page_id=95"},"modified":"2025-02-23T18:10:32","modified_gmt":"2025-02-23T18:10:32","slug":"posluchaj-mnie","status":"publish","type":"page","link":"https:\/\/barbarabroda-malon.art.pl\/index.php\/posluchaj-mnie\/","title":{"rendered":"Pos\u0142uchaj mnie"},"content":{"rendered":"\n<ul class=\"wp-block-list\">\n<li><a href=\"https:\/\/www.youtube.com\/watch?v=E76HZ2LGgGo\" target=\"_blank\" rel=\"noreferrer noopener\">Powr\u00f3cisz Tu<\/a><\/li>\n\n\n\n<li><a href=\"https:\/\/www.youtube.com\/watch?v=dyrQrngrYJc\" target=\"_blank\" rel=\"noreferrer noopener\">Wymy\u015bli\u0142am Ci\u0119<\/a><\/li>\n\n\n\n<li><a href=\"https:\/\/www.youtube.com\/watch?v=JnDlTKjeGuo\" target=\"_blank\" rel=\"noreferrer noopener\">Dwa Serduszka<\/a><\/li>\n\n\n\n<li><a href=\"https:\/\/www.youtube.com\/watch?v=f9eInck2kVk\" target=\"_blank\" rel=\"noreferrer noopener\">Jeste\u015b lekiem na ca\u0142e z\u0142o<\/a><\/li>\n\n\n\n<li><a href=\"https:\/\/www.youtube.com\/watch?v=DgoUnhRdIf0\" target=\"_blank\" rel=\"noreferrer noopener\">On nie kocha\u0142 Nas &#8211; duet z Krystyn\u0105 Cugowsk\u0105<\/a><\/li>\n\n\n\n<li><a href=\"https:\/\/www.youtube.com\/watch?v=VwB7wVlfu6I\" target=\"_blank\" rel=\"noreferrer noopener\">Kochana<\/a><\/li>\n\n\n\n<li><a href=\"https:\/\/www.youtube.com\/watch?v=iXHW_6XRhDQ\" target=\"_blank\" rel=\"noreferrer noopener\">I know where I&#8217;ve been &#8211; musical HAIRSPRAY<\/a><\/li>\n\n\n\n<li><a href=\"https:\/\/www.youtube.com\/watch?v=dOiH-IyO5d0\" target=\"_blank\" rel=\"noreferrer noopener\">With You &#8211; musical GHOST<\/a><\/li>\n\n\n\n<li><a href=\"https:\/\/www.youtube.com\/watch?v=B1TFQP3QOMk\" target=\"_blank\" rel=\"noreferrer noopener\">I know the truth &#8211; musical AIDA<\/a><\/li>\n\n\n\n<li><a href=\"https:\/\/www.youtube.com\/watch?v=HoRlOp1gc88\" target=\"_blank\" rel=\"noreferrer noopener\">One day I&#8217;ll fly away &#8211; musical MOULIN ROGUE!<\/a><\/li>\n\n\n\n<li><a href=\"https:\/\/www.youtube.com\/watch?v=aoIsEI1kV8o\" target=\"_blank\" rel=\"noreferrer noopener\">kol\u0119da  &#8211; Gdy \u015bliczna Panna<\/a><\/li>\n\n\n\n<li><a href=\"https:\/\/www.youtube.com\/watch?v=GfJTdmqgUWY\" target=\"_blank\" rel=\"noreferrer noopener\">kol\u0119da &#8211; Lulaj\u017ce Jezuniu<\/a><\/li>\n<\/ul>\n","protected":false},"excerpt":{"rendered":"","protected":false},"author":1,"featured_media":0,"parent":0,"menu_order":0,"comment_status":"closed","ping_status":"closed","template":"","meta":{"_themeisle_gutenberg_block_has_review":false,"_kadence_starter_templates_imported_post":false,"footnotes":""},"class_list":["post-95","page","type-page","status-publish","hentry"],"_links":{"self":[{"href":"https:\/\/barbarabroda-malon.art.pl\/index.php\/wp-json\/wp\/v2\/pages\/95","targetHints":{"allow":["GET"]}}],"collection":[{"href":"https:\/\/barbarabroda-malon.art.pl\/index.php\/wp-json\/wp\/v2\/pages"}],"about":[{"href":"https:\/\/barbarabroda-malon.art.pl\/index.php\/wp-json\/wp\/v2\/types\/page"}],"author":[{"embeddable":true,"href":"https:\/\/barbarabroda-malon.art.pl\/index.php\/wp-json\/wp\/v2\/users\/1"}],"replies":[{"embeddable":true,"href":"https:\/\/barbarabroda-malon.art.pl\/index.php\/wp-json\/wp\/v2\/comments?post=95"}],"version-history":[{"count":19,"href":"https:\/\/barbarabroda-malon.art.pl\/index.php\/wp-json\/wp\/v2\/pages\/95\/revisions"}],"predecessor-version":[{"id":966,"href":"https:\/\/barbarabroda-malon.art.pl\/index.php\/wp-json\/wp\/v2\/pages\/95\/revisions\/966"}],"wp:attachment":[{"href":"https:\/\/barbarabroda-malon.art.pl\/index.php\/wp-json\/wp\/v2\/media?parent=95"}],"curies":[{"name":"wp","href":"https:\/\/api.w.org\/{rel}","templated":true}]}}