{"id":85,"date":"2025-01-11T21:02:20","date_gmt":"2025-01-11T21:02:20","guid":{"rendered":"https:\/\/barbarabroda-malon.art.pl\/?page_id=85"},"modified":"2026-01-13T21:30:02","modified_gmt":"2026-01-13T20:30:02","slug":"bio","status":"publish","type":"page","link":"https:\/\/barbarabroda-malon.art.pl\/index.php\/bio\/","title":{"rendered":"Bio"},"content":{"rendered":"<p class=\"fonts-plugin-block \" style=\"line-height: 1.5;text-align: center\">Wokalistka, aktorka, certyfikowany pedagog wokalny.<br>Absolwentka Akademii Muzycznej im. K. Szymanowskiego w Katowicach na Wydziale Wokalno-Aktorskim, w klasie \u015bpiewu prof. Stanis\u0142awy Marciniak Gowarzewskiej.<br>Certyfikowany Pedagog Wokalny Mi\u0119dzynarodowego Stowarzyszenia <br>&#8211; Pedagog\u00f3w Wokalnych Natural Voice Perfection\u00a0<br>VOCAL BALANCE,FLOW FONATION, LAX VOX (DOCTOR VOX) Mix Technique.\u00a0<br>W\u0142a\u015bcicielka Studia Piosenki i Rehabilitacji G\u0142osu VoicePless w Pszczynie (<a href=\"http:\/\/www.voicepless.pl\/\">www.voicepless.pl<\/a>)<br>M\u00f3wi o sobie, \u017ce jest pszczyniank\u0105 urodzon\u0105 w Cieszynie.<br>Laureatka X Og\u00f3lnopolskich Nagr\u00f3d na najwa\u017cniejszych Festiwalach <br>Piosenki Poetyckiej i Aktorskiej, takich jak:<br>Festiwal \u201eTa\u0144cz\u0105ce Eurydyki\u201dim. Anny German (2007r.-Zielona G\u00f3ra)<br>X Og\u00f3lnopolski Festiwal Interpretacji Piosenki Aktorskiej ( 2008r.-Bydgoszcz)<br>XVII Og\u00f3lnopolski Festiwal Piosenki Poetyckiej <br>\u201eDop\u00f3ki jestem, u\u015bmiechem, s\u0142owem, gestem\u201d (2008r.-Sieradz)<br>VI Og\u00f3lnopolski Festiwal Piosenki Aktorskiej \u201eReflektor\u201d (2009r.-Koszalin)<br>III Og\u00f3lnopolski Festiwal Piosenki Artystycznej (2010r.-\u015alesin)<br>XV Og\u00f3lnopolski \u201eZlot Piosenki R\u00f3\u017cnej\u201d (2010r.-Piaseczno)<br>III Og\u00f3lnopolski Festiwal \u201eDobrejPiosenki\u201d im. Kaliny J\u0119drusik (2010r.-Cz\u0119stochowa)<br>XIV Og\u00f3lnopolski Festiwal Sztuki S\u0142owa \u201e&#8230;Czy to jest kochanie?\u201d (2010r.-Elbl\u0105g)<br>III Og\u00f3lnopolski Konkurs wokalny im. Marka Grechuty (2010r.-Zamo\u015b\u0107)<br>XXXVII Og\u00f3lnopolskie Spotkania Zamkowe \u201e\u015apiewajmyPoezj\u0119\u201d (2010r.-Olsztyn)<br>Finalistka 46 Studenckiego Festiwalu Piosenki Studenckiej (2010r.-Krak\u00f3w)<br>P\u00f3\u0142finalistka 32 Przegl\u0105du Piosenki Aktorskiej (2011r.-Wroc\u0142aw)<br>Nagradzana by\u0142a przez takie osobisto\u015bci jak: <br>Krzesimir D\u0119bski, Andrzej Poniedzielski, El\u017cbieta Adamiak, Jan Poprawa,<br>Jan Wo\u0142ek, Janusz Grzywacz, Bogus\u0142aw Sobczuk, Jan Szurmiej, <br>czy Zbigniew Zamachowski.<br>W 2009r. otrzyma\u0142a \u201eNagrod\u0119 Burmistrza Pszczyny w dziedzinie <br>tw\u00f3rczo\u015bci artystycznej, upowszechniania i ochrony kultury\u201d.<br>W 2010r. zaj\u0119\u0142a II miejsce w og\u00f3lnopolskim rankingu <br>na \u201eFestiwalow\u0105 Posta\u0107 Roku 2010\u201d.<br>W swoim dorobku artystycznym posiada r\u00f3wnie\u017c kilka r\u00f3l teatralnych. <br>Gra\u0142a w takich spektaklach muzycznych jak:<br>\u201ePorwanie Sabinek\u201d, \u201eBal w Operze\u201d,\u00a0\u201eWest side story\u201d, \u201eKr\u00f3l Walca\u201d, <br>\u201eOgr\u00f3dki Wiede\u0144skie\u201d\u00a0 czy &#8222;Permutacje Ma\u0142\u017ce\u0144skie&#8221; <br>&#8211; spektakl oparty na piosenkach Mariana Hemara.<br>Wsp\u00f3\u0142pracowa\u0142a m. in. ze Studiem Teatru Piosenki Polskiego Radia w Warszawie , Ryszardem Poznakowskim,<br>Zamojsk\u0105 Orkiestra Symfoniczn\u0105 im. Karola Namys\u0142owskiego, <br>Nysk\u0105 Orkiestra Kameraln\u0105, Teatrem Plejada z Krakowa.<br>Bierze udzia\u0142 w licznych koncertach galowych i festiwalowych. <br>Wyst\u0105pi\u0142a m.in. na Europejskim Festiwalu Muzycznym<br>\u201eGloria\u201d, w koncercie \u201eNajlepsi z Najlepszych\u201d (Elbl\u0105skie Noce z Poezj\u0105 i Teatrem) , <br>w koncercie \u201eSzalona Lokomotywa\u201d<br>(z piosenkami MarkaGrechuty), czy w koncercie z okazji beatyfikacji Jana Paw\u0142a II (Zamo\u015b\u0107).<br>Bra\u0142a udzia\u0142 w koncercie fina\u0142owym XXXXI Festiwalu FAMA pt. \u201eWarjutkowo\u201d <br>z piosenkami Micha\u0142a Zab\u0142ockiego.<br>W pa\u017adzierniku 2012 roku wyst\u0105pi\u0142a w koncercie galowym <br>pt. \u201eA Nam nie jest wszystko jedno&#8221;<br>podczas 48.Studenckiego Festiwalu Piosenki w Krakowie.<br>Wyst\u0105pi\u0142a dwukrotnie ze swoimi recitalami na Grechuta Festival <br>i Markowym Festiwalu w \u015awinouj\u015bciu.<br>W 2015 roku by\u0142a Ekspertem wokalnym w programie telewizyjnym Super Dzieciak <br>w Telewizji POLSAT .<br>W maju 2019 r. wyst\u0105pi\u0142a w Koncercie pt. &#8222;Wind\u0105 do nieba&#8221;<br> po\u015bwi\u0119conym zespo\u0142owi 2+1 realizowanym przez<br>Studio Piosenki Teatru Polskiego Radia. <br>Koncert odby\u0142 si\u0119 w Studiu Muzycznym im. W\u0142adys\u0142awa Szpilmana<br>w Polskim Radiu w Warszawie.<br>W maju 2019 roku uhonorowana zosta\u0142a odznaczeniem \u201eKlejnot Ziemi Pszczy\u0144skiej&#8221; <br>w kategorii &#8222;Kobieta Kultury i Sztuki&#8221;.<br>Obecnie wraz z zespo\u0142em koncertuje z recitalami piosenki poetyckiej, <br>aktorskiej, musicalowej i filmowej.<br>Recital pt \u201eNa srebrnym ekranie&#8221;- zosta\u0142 obj\u0119ty patronatem honorowym przez Krzesimira D\u0119bskiego.<br>\u00a0Wyst\u0119puje tak\u017ce w Komedii Muzycznej \u201eDoktor Mi\u0142o\u015b\u0107&#8221; <br>&#8211; spektakl oparty na piosenkach takich artyst\u00f3w jak,\u00a0<br>m.in. Kalina J\u0119drusik, Kabaret Starszych Pan\u00f3w, Marian Hemar i innych..<br>Scenariusz napisa\u0142 Jan Jakub Nale\u017cyty. Wyst\u0119puj\u0105 krakowscy i \u015bl\u0105scy Arty\u015bci, tacy jak:<br>Ewa Romaniak, Barbara Broda-Malon, Grzegorz Juras oraz wspaniali muzycy : <br>Konrad Masty\u0142o &#8211; fortepian<br>(znany m.in. z legendarnego zespo\u0142u ANAWA i wsp\u00f3\u0142pracuj\u0105cy przez lata <br>z Piwnic\u0105 pod Baranami), <br>a tak\u017ce Sebastian Malon &#8211; skrzypek, wsp\u00f3\u0142pracuj\u0105cy z licznymi Artystami.<br>W czerwcu 2022 roku wyst\u0105pi\u0142a go\u015bcinnie z Wojtkiem Cugowskim <br>w Koncercie Premier podczas 59. Festiwalu w Opolu.<br>Ostatnia Premiera, to recital pt. &#8222;POWR\u00d3CISZ TU&#8221;.<br>Diamentowe piosenki z repertuaru wielkiej Damy polskiej piosenki Pani Ireny Santor.<br>W lutym 2023 roku wyst\u0105pi\u0142a z tym recitalem w Krakowskiej Piwnicy pod Baranami.<br>Opr\u00f3cz sceny i estrady realizuje si\u0119 r\u00f3wnie\u017c jako nauczyciel \u015bpiewu <br>i rehabilitant g\u0142osu.<br>Prowadzi warsztaty wokalne oraz warsztaty z zakresu prawid\u0142owej emisji i higieny g\u0142osu m\u00f3wionego, dla os\u00f3b pracuj\u0105cych g\u0142osem.<br>Zasiada w jury r\u00f3\u017cnych przegl\u0105d\u00f3w teatralnych i konkurs\u00f3w wokalnych.<br>Jej uczniowie zdobywaj\u0105 liczne nagrody na r\u00f3\u017cnych festiwalach i konkursach piosenki w Polsce, dostaj\u0105 si\u0119 do szk\u00f3\u0142 Teatralnych i Filmowych, wyst\u0119puj\u0105 na deskach profesjonalnych Teatr\u00f3w Muzycznych, jak r\u00f3wnie\u017c odnosz\u0105 sukcesy w programach telewizyjnych, takich jak\u201eSzansa na Sukces\u201d , \u201eX Factor\u201d ,<br>&#8222;The Voice of Poland&#8221; czy &#8222;The Voice Kids\u201d<br>Pomys\u0142odawczyni i wsp\u00f3\u0142organizatorka wydarzenia &#8222;Si\u0119gaj Gwiazd w Pszczynie&#8221;.<br>Jej g\u0142os brzmi na kilku p\u0142ytach, kt\u00f3re nagra\u0142a jako go\u015b\u0107 specjalny.<br>Wsp\u00f3\u0142pracuje r\u00f3wnie\u017c z mediami, gdzie jako lektor podk\u0142ada sw\u00f3j g\u0142os do reklam.<br><\/p>","protected":false},"excerpt":{"rendered":"","protected":false},"author":1,"featured_media":0,"parent":0,"menu_order":2,"comment_status":"closed","ping_status":"closed","template":"","meta":{"_themeisle_gutenberg_block_has_review":false,"_kadence_starter_templates_imported_post":false,"footnotes":""},"class_list":["post-85","page","type-page","status-publish","hentry"],"_links":{"self":[{"href":"https:\/\/barbarabroda-malon.art.pl\/index.php\/wp-json\/wp\/v2\/pages\/85","targetHints":{"allow":["GET"]}}],"collection":[{"href":"https:\/\/barbarabroda-malon.art.pl\/index.php\/wp-json\/wp\/v2\/pages"}],"about":[{"href":"https:\/\/barbarabroda-malon.art.pl\/index.php\/wp-json\/wp\/v2\/types\/page"}],"author":[{"embeddable":true,"href":"https:\/\/barbarabroda-malon.art.pl\/index.php\/wp-json\/wp\/v2\/users\/1"}],"replies":[{"embeddable":true,"href":"https:\/\/barbarabroda-malon.art.pl\/index.php\/wp-json\/wp\/v2\/comments?post=85"}],"version-history":[{"count":36,"href":"https:\/\/barbarabroda-malon.art.pl\/index.php\/wp-json\/wp\/v2\/pages\/85\/revisions"}],"predecessor-version":[{"id":1859,"href":"https:\/\/barbarabroda-malon.art.pl\/index.php\/wp-json\/wp\/v2\/pages\/85\/revisions\/1859"}],"wp:attachment":[{"href":"https:\/\/barbarabroda-malon.art.pl\/index.php\/wp-json\/wp\/v2\/media?parent=85"}],"curies":[{"name":"wp","href":"https:\/\/api.w.org\/{rel}","templated":true}]}}