{"id":473,"date":"2025-02-10T14:52:58","date_gmt":"2025-02-10T14:52:58","guid":{"rendered":"https:\/\/barbarabroda-malon.art.pl\/?page_id=473"},"modified":"2025-02-23T17:33:11","modified_gmt":"2025-02-23T17:33:11","slug":"zespol","status":"publish","type":"page","link":"https:\/\/barbarabroda-malon.art.pl\/index.php\/zespol\/","title":{"rendered":"Zesp\u00f3\u0142"},"content":{"rendered":"\n<div id=\"wp-block-themeisle-blocks-accordion-8d91dd6a\" class=\"wp-block-themeisle-blocks-accordion exclusive\">\n<details class=\"wp-block-themeisle-blocks-accordion-item\"><summary class=\"wp-block-themeisle-blocks-accordion-item__title\"><div>Grzegorz Kasperczyk &#8211; piano<\/div><\/summary><div class=\"wp-block-themeisle-blocks-accordion-item__content\">\n<p class=\"has-text-align-center\" style=\"padding-top:0;padding-bottom:0\">Absolwent Wydzia\u0142u Artystyczno-Pedagogicznego filii Uniwersytetu \u015al\u0105skiego w Cieszynie. Wsp\u00f3\u0142pracuje (jako muzyk i aran\u017cer) z licznymi zespo\u0142ami muzycznymi oraz orkiestrami symfonicznymi, z kt\u00f3rymi koncertuje po ca\u0142ym \u015awiecie.<\/p>\n\n\n\n<figure class=\"wp-block-gallery has-nested-images columns-default is-cropped wp-block-gallery-1 is-layout-flex wp-block-gallery-is-layout-flex\">\n<figure class=\"wp-block-image size-large\"><img fetchpriority=\"high\" decoding=\"async\" width=\"1024\" height=\"1024\" data-id=\"895\" src=\"https:\/\/barbarabroda-malon.art.pl\/wp-content\/uploads\/2025\/02\/BBM-078-1024x1024.jpg\" alt=\"\" class=\"wp-image-895\" srcset=\"https:\/\/barbarabroda-malon.art.pl\/wp-content\/uploads\/2025\/02\/BBM-078-1024x1024.jpg 1024w, https:\/\/barbarabroda-malon.art.pl\/wp-content\/uploads\/2025\/02\/BBM-078-300x300.jpg 300w, https:\/\/barbarabroda-malon.art.pl\/wp-content\/uploads\/2025\/02\/BBM-078-150x150.jpg 150w, https:\/\/barbarabroda-malon.art.pl\/wp-content\/uploads\/2025\/02\/BBM-078-768x768.jpg 768w\" sizes=\"(max-width: 1024px) 100vw, 1024px\" \/><\/figure>\n\n\n\n<figure class=\"wp-block-image size-large\"><img decoding=\"async\" width=\"1024\" height=\"1024\" data-id=\"894\" src=\"https:\/\/barbarabroda-malon.art.pl\/wp-content\/uploads\/2025\/02\/BBM-032-1024x1024.jpg\" alt=\"\" class=\"wp-image-894\" srcset=\"https:\/\/barbarabroda-malon.art.pl\/wp-content\/uploads\/2025\/02\/BBM-032-1024x1024.jpg 1024w, https:\/\/barbarabroda-malon.art.pl\/wp-content\/uploads\/2025\/02\/BBM-032-300x300.jpg 300w, https:\/\/barbarabroda-malon.art.pl\/wp-content\/uploads\/2025\/02\/BBM-032-150x150.jpg 150w, https:\/\/barbarabroda-malon.art.pl\/wp-content\/uploads\/2025\/02\/BBM-032-768x768.jpg 768w\" sizes=\"(max-width: 1024px) 100vw, 1024px\" \/><\/figure>\n\n\n\n<figure class=\"wp-block-image size-large\"><img decoding=\"async\" width=\"1024\" height=\"1024\" data-id=\"893\" src=\"https:\/\/barbarabroda-malon.art.pl\/wp-content\/uploads\/2025\/02\/BBM-020-1024x1024.jpg\" alt=\"\" class=\"wp-image-893\" srcset=\"https:\/\/barbarabroda-malon.art.pl\/wp-content\/uploads\/2025\/02\/BBM-020-1024x1024.jpg 1024w, https:\/\/barbarabroda-malon.art.pl\/wp-content\/uploads\/2025\/02\/BBM-020-300x300.jpg 300w, https:\/\/barbarabroda-malon.art.pl\/wp-content\/uploads\/2025\/02\/BBM-020-150x150.jpg 150w, https:\/\/barbarabroda-malon.art.pl\/wp-content\/uploads\/2025\/02\/BBM-020-768x768.jpg 768w\" sizes=\"(max-width: 1024px) 100vw, 1024px\" \/><\/figure>\n<\/figure>\n<\/div><\/details>\n\n\n\n<details class=\"wp-block-themeisle-blocks-accordion-item\"><summary class=\"wp-block-themeisle-blocks-accordion-item__title\"><div>Sebastian Malon &#8211; violin<\/div><\/summary><div class=\"wp-block-themeisle-blocks-accordion-item__content\">\n<p class=\"has-text-align-center\">Absolwent Akademii Muzycznej im. K. Szymanowskiego w Katowicach. Wsp\u00f3\u0142pracowa\u0142 m.in. z Filharmoni\u0105 \u015al\u0105sk\u0105 w Katowicach, Orkiestr\u0105 Kameraln\u0105 AUKSO, jak r\u00f3wnie\u017c z innymi zespo\u0142ami muzycznymi. Jako muzyk sesyjny nagrywa partie skrzypiec dla r\u00f3\u017cnych zespo\u0142\u00f3w, czego efektem jest kilka p\u0142yt. Nagrywa r\u00f3wnie\u017c muzyk\u0119 do reklam czy film\u00f3w.<\/p>\n\n\n\n<figure class=\"wp-block-gallery has-nested-images columns-default is-cropped wp-block-gallery-2 is-layout-flex wp-block-gallery-is-layout-flex\">\n<figure class=\"wp-block-image size-full\"><img loading=\"lazy\" decoding=\"async\" width=\"960\" height=\"958\" data-id=\"736\" src=\"https:\/\/barbarabroda-malon.art.pl\/wp-content\/uploads\/2025\/02\/IMG_3382-1.jpg\" alt=\"\" class=\"wp-image-736\" srcset=\"https:\/\/barbarabroda-malon.art.pl\/wp-content\/uploads\/2025\/02\/IMG_3382-1.jpg 960w, https:\/\/barbarabroda-malon.art.pl\/wp-content\/uploads\/2025\/02\/IMG_3382-1-300x300.jpg 300w, https:\/\/barbarabroda-malon.art.pl\/wp-content\/uploads\/2025\/02\/IMG_3382-1-150x150.jpg 150w, https:\/\/barbarabroda-malon.art.pl\/wp-content\/uploads\/2025\/02\/IMG_3382-1-24x24.jpg 24w, https:\/\/barbarabroda-malon.art.pl\/wp-content\/uploads\/2025\/02\/IMG_3382-1-36x36.jpg 36w, https:\/\/barbarabroda-malon.art.pl\/wp-content\/uploads\/2025\/02\/IMG_3382-1-48x48.jpg 48w\" sizes=\"(max-width: 960px) 100vw, 960px\" \/><\/figure>\n\n\n\n<figure class=\"wp-block-image size-large\"><img loading=\"lazy\" decoding=\"async\" width=\"1024\" height=\"1024\" data-id=\"896\" src=\"https:\/\/barbarabroda-malon.art.pl\/wp-content\/uploads\/2025\/02\/BBM-065-1024x1024.jpg\" alt=\"\" class=\"wp-image-896\" srcset=\"https:\/\/barbarabroda-malon.art.pl\/wp-content\/uploads\/2025\/02\/BBM-065-1024x1024.jpg 1024w, https:\/\/barbarabroda-malon.art.pl\/wp-content\/uploads\/2025\/02\/BBM-065-300x300.jpg 300w, https:\/\/barbarabroda-malon.art.pl\/wp-content\/uploads\/2025\/02\/BBM-065-150x150.jpg 150w, https:\/\/barbarabroda-malon.art.pl\/wp-content\/uploads\/2025\/02\/BBM-065-768x768.jpg 768w\" sizes=\"(max-width: 1024px) 100vw, 1024px\" \/><\/figure>\n\n\n\n<figure class=\"wp-block-image size-large\"><img loading=\"lazy\" decoding=\"async\" width=\"799\" height=\"800\" data-id=\"733\" src=\"https:\/\/barbarabroda-malon.art.pl\/wp-content\/uploads\/2025\/02\/IMG_3385.jpg\" alt=\"\" class=\"wp-image-733\" srcset=\"https:\/\/barbarabroda-malon.art.pl\/wp-content\/uploads\/2025\/02\/IMG_3385.jpg 799w, https:\/\/barbarabroda-malon.art.pl\/wp-content\/uploads\/2025\/02\/IMG_3385-300x300.jpg 300w, https:\/\/barbarabroda-malon.art.pl\/wp-content\/uploads\/2025\/02\/IMG_3385-150x150.jpg 150w, https:\/\/barbarabroda-malon.art.pl\/wp-content\/uploads\/2025\/02\/IMG_3385-768x768.jpg 768w, https:\/\/barbarabroda-malon.art.pl\/wp-content\/uploads\/2025\/02\/IMG_3385-24x24.jpg 24w, https:\/\/barbarabroda-malon.art.pl\/wp-content\/uploads\/2025\/02\/IMG_3385-36x36.jpg 36w, https:\/\/barbarabroda-malon.art.pl\/wp-content\/uploads\/2025\/02\/IMG_3385-48x48.jpg 48w\" sizes=\"(max-width: 799px) 100vw, 799px\" \/><\/figure>\n<\/figure>\n<\/div><\/details>\n\n\n\n<details class=\"wp-block-themeisle-blocks-accordion-item\"><summary class=\"wp-block-themeisle-blocks-accordion-item__title\"><div>Micha\u0142 \u017byme\u0142ka &#8211; drums<\/div><\/summary><div class=\"wp-block-themeisle-blocks-accordion-item__content\">\n<p class=\"has-text-align-center\">Absolwent w klasie perkusji Akademii Muzycznej im. K. Szymanowskiego w Katowicach. Laureat I Nagrody na Mi\u0119dzynarodowym Festiwalu Wibrafonowym w Opolu oraz III nagrody na Mi\u0119dzynarodowym Konkursie Zespo\u0142\u00f3w Perkusyjnych w Plovdiv (Bu\u0142garia). Na co dzie\u0144 muzyk Narodowej Orkiestry Symfonicznej Polskiego Radia w Katowicach. Wsp\u00f3\u0142pracuje z wieloma orkiestrami i zespo\u0142ami.<\/p>\n\n\n\n<figure class=\"wp-block-gallery has-nested-images columns-default is-cropped wp-block-gallery-3 is-layout-flex wp-block-gallery-is-layout-flex\">\n<figure class=\"wp-block-image size-large\"><img loading=\"lazy\" decoding=\"async\" width=\"1024\" height=\"1024\" data-id=\"900\" src=\"https:\/\/barbarabroda-malon.art.pl\/wp-content\/uploads\/2025\/02\/BBM-064-1024x1024.jpg\" alt=\"\" class=\"wp-image-900\" srcset=\"https:\/\/barbarabroda-malon.art.pl\/wp-content\/uploads\/2025\/02\/BBM-064-1024x1024.jpg 1024w, https:\/\/barbarabroda-malon.art.pl\/wp-content\/uploads\/2025\/02\/BBM-064-300x300.jpg 300w, https:\/\/barbarabroda-malon.art.pl\/wp-content\/uploads\/2025\/02\/BBM-064-150x150.jpg 150w, https:\/\/barbarabroda-malon.art.pl\/wp-content\/uploads\/2025\/02\/BBM-064-768x768.jpg 768w\" sizes=\"(max-width: 1024px) 100vw, 1024px\" \/><\/figure>\n\n\n\n<figure class=\"wp-block-image size-large\"><img loading=\"lazy\" decoding=\"async\" width=\"1024\" height=\"1024\" data-id=\"898\" src=\"https:\/\/barbarabroda-malon.art.pl\/wp-content\/uploads\/2025\/02\/BBM-039-1024x1024.jpg\" alt=\"\" class=\"wp-image-898\" srcset=\"https:\/\/barbarabroda-malon.art.pl\/wp-content\/uploads\/2025\/02\/BBM-039-1024x1024.jpg 1024w, https:\/\/barbarabroda-malon.art.pl\/wp-content\/uploads\/2025\/02\/BBM-039-300x300.jpg 300w, https:\/\/barbarabroda-malon.art.pl\/wp-content\/uploads\/2025\/02\/BBM-039-150x150.jpg 150w, https:\/\/barbarabroda-malon.art.pl\/wp-content\/uploads\/2025\/02\/BBM-039-768x768.jpg 768w\" sizes=\"(max-width: 1024px) 100vw, 1024px\" \/><\/figure>\n\n\n\n<figure class=\"wp-block-image size-large\"><img loading=\"lazy\" decoding=\"async\" width=\"1024\" height=\"1024\" data-id=\"910\" src=\"https:\/\/barbarabroda-malon.art.pl\/wp-content\/uploads\/2025\/02\/IMG_5089-1024x1024.jpg\" alt=\"\" class=\"wp-image-910\" srcset=\"https:\/\/barbarabroda-malon.art.pl\/wp-content\/uploads\/2025\/02\/IMG_5089-1024x1024.jpg 1024w, https:\/\/barbarabroda-malon.art.pl\/wp-content\/uploads\/2025\/02\/IMG_5089-300x300.jpg 300w, https:\/\/barbarabroda-malon.art.pl\/wp-content\/uploads\/2025\/02\/IMG_5089-150x150.jpg 150w, https:\/\/barbarabroda-malon.art.pl\/wp-content\/uploads\/2025\/02\/IMG_5089-768x768.jpg 768w\" sizes=\"(max-width: 1024px) 100vw, 1024px\" \/><\/figure>\n<\/figure>\n<\/div><\/details>\n<\/div>\n\n\n\n<blockquote class=\"wp-block-quote is-style-plain is-layout-flow wp-block-quote-is-layout-flow\">\n<p class=\"has-text-align-center\">MUZYCY WSP\u00d3\u0141PRACUJ\u0104CY<\/p>\n<\/blockquote>\n\n\n\n<div id=\"wp-block-themeisle-blocks-accordion-b0eb9d67\" class=\"wp-block-themeisle-blocks-accordion exclusive\">\n<details class=\"wp-block-themeisle-blocks-accordion-item\"><summary class=\"wp-block-themeisle-blocks-accordion-item__title\"><div>Konrad Masty\u0142o &#8211; piano \/ spektakl muzyczny &#8222;Doktor Mi\u0142o\u015b\u0107&#8221;<\/div><\/summary><div class=\"wp-block-themeisle-blocks-accordion-item__content\">\n<p class=\"has-text-align-center\">Muzyk, kompozytor, pianista, pedagog. Absolwent Akademii Muzycznej w Krakowie. W latach 1981-2000 pianista Piwnicy pod Barami. Od wielu lat zwi\u0105zany z teatrem STU jako pianista i aktor. Niegdy\u015b cz\u0142onek legendarnego zespo\u0142u Marka Grechuty i Jana Kantego &#8211; Pawlu\u015bkiewicza &#8211; &#8222;ANAWA&#8221;.  Wsp\u00f3\u0142pracuje z wieloma artystami i teatrami.<\/p>\n\n\n\n<figure class=\"wp-block-image size-large\"><img loading=\"lazy\" decoding=\"async\" width=\"1200\" height=\"576\" src=\"https:\/\/barbarabroda-malon.art.pl\/wp-content\/uploads\/2025\/02\/4-1-edited.jpg\" alt=\"\" class=\"wp-image-902\" srcset=\"https:\/\/barbarabroda-malon.art.pl\/wp-content\/uploads\/2025\/02\/4-1-edited.jpg 1200w, https:\/\/barbarabroda-malon.art.pl\/wp-content\/uploads\/2025\/02\/4-1-edited-24x12.jpg 24w, https:\/\/barbarabroda-malon.art.pl\/wp-content\/uploads\/2025\/02\/4-1-edited-36x17.jpg 36w, https:\/\/barbarabroda-malon.art.pl\/wp-content\/uploads\/2025\/02\/4-1-edited-48x23.jpg 48w\" sizes=\"(max-width: 1200px) 100vw, 1200px\" \/><\/figure>\n<\/div><\/details>\n\n\n\n<details class=\"wp-block-themeisle-blocks-accordion-item\"><summary class=\"wp-block-themeisle-blocks-accordion-item__title\"><div>Tomasz Pala &#8211; piano<\/div><\/summary><div class=\"wp-block-themeisle-blocks-accordion-item__content\">\n<p class=\"has-text-align-center\">Absolwent Akademii Muzycznej w Katowicach na wydziale jazzu i muzyki rozrywkowej. Od 1998r. cz\u0142onek zapolu Shakin&#8217; Dudi z kt\u00f3rym wielokrotnie wyst\u0119powa\u0142 na Rawa Blues Festiwal. Wsp\u00f3lpracuje z wieloma zespo\u0142ami oraz teatrami, m.in. w Bielsku Bia\u0142ej czy w Czeskim Cieszynie. Wsp\u00f3\u0142za\u0142o\u017cyciel Duetu Fortepianowego \u0142\u0105cz\u0105cego r\u00f3\u017cne style muzyki z du\u017c\u0105 dawk\u0105 humoru.<\/p>\n\n\n\n<figure class=\"wp-block-image size-large\"><img loading=\"lazy\" decoding=\"async\" width=\"2560\" height=\"960\" src=\"https:\/\/barbarabroda-malon.art.pl\/wp-content\/uploads\/2025\/02\/Tomek-Pala-zdj-edited-scaled.jpg\" alt=\"\" class=\"wp-image-904\" srcset=\"https:\/\/barbarabroda-malon.art.pl\/wp-content\/uploads\/2025\/02\/Tomek-Pala-zdj-edited-scaled.jpg 2560w, https:\/\/barbarabroda-malon.art.pl\/wp-content\/uploads\/2025\/02\/Tomek-Pala-zdj-edited-1536x576.jpg 1536w, https:\/\/barbarabroda-malon.art.pl\/wp-content\/uploads\/2025\/02\/Tomek-Pala-zdj-edited-2048x768.jpg 2048w, https:\/\/barbarabroda-malon.art.pl\/wp-content\/uploads\/2025\/02\/Tomek-Pala-zdj-edited-24x9.jpg 24w, https:\/\/barbarabroda-malon.art.pl\/wp-content\/uploads\/2025\/02\/Tomek-Pala-zdj-edited-36x14.jpg 36w, https:\/\/barbarabroda-malon.art.pl\/wp-content\/uploads\/2025\/02\/Tomek-Pala-zdj-edited-48x18.jpg 48w\" sizes=\"(max-width: 2560px) 100vw, 2560px\" \/><\/figure>\n<\/div><\/details>\n\n\n\n<details class=\"wp-block-themeisle-blocks-accordion-item\"><summary class=\"wp-block-themeisle-blocks-accordion-item__title\"><div>Jakub Gwardecki &#8211; piano<\/div><\/summary><div class=\"wp-block-themeisle-blocks-accordion-item__content\">\n<p class=\"has-text-align-center\">Absolwent Akademii Muzycznej w Katowicach. Na co dzie\u0144 wykonuje muzyk\u0119 klasyczn\u0105, jak r\u00f3wnie\u017c wszelkie gatunki szeroko poj\u0119tej muzyki rozrywkowej. Koncertowa\u0142 na ca\u0142ym \u015bwiecie solo, jak i z zespo\u0142ami muzycznymi. Wsp\u00f3\u0142pracowa\u0142 jako wyk\u0142adowca i akompaniator z Akademi\u0105 Muzyczn\u0105 w \u0141odzi oraz Studiem Wokalistyki Estradowej na Akademii Muzycznej w Katowicach. Zagra\u0142 kilkaset koncert\u00f3w i nagra\u0142 kilkadziesi\u0105t p\u0142yt jako muzyk sesyjny.<\/p>\n\n\n\n<figure class=\"wp-block-gallery has-nested-images columns-default is-cropped wp-block-gallery-4 is-layout-flex wp-block-gallery-is-layout-flex\">\n<figure class=\"wp-block-image size-large\"><img loading=\"lazy\" decoding=\"async\" width=\"1999\" height=\"1125\" data-id=\"930\" src=\"https:\/\/barbarabroda-malon.art.pl\/wp-content\/uploads\/2025\/02\/IMG_0796-edited-2.jpg\" alt=\"\" class=\"wp-image-930\" srcset=\"https:\/\/barbarabroda-malon.art.pl\/wp-content\/uploads\/2025\/02\/IMG_0796-edited-2.jpg 1999w, https:\/\/barbarabroda-malon.art.pl\/wp-content\/uploads\/2025\/02\/IMG_0796-edited-2-1536x864.jpg 1536w, https:\/\/barbarabroda-malon.art.pl\/wp-content\/uploads\/2025\/02\/IMG_0796-edited-2-24x14.jpg 24w, https:\/\/barbarabroda-malon.art.pl\/wp-content\/uploads\/2025\/02\/IMG_0796-edited-2-36x20.jpg 36w, https:\/\/barbarabroda-malon.art.pl\/wp-content\/uploads\/2025\/02\/IMG_0796-edited-2-48x27.jpg 48w\" sizes=\"(max-width: 1999px) 100vw, 1999px\" \/><\/figure>\n<\/figure>\n<\/div><\/details>\n\n\n\n<details class=\"wp-block-themeisle-blocks-accordion-item\"><summary class=\"wp-block-themeisle-blocks-accordion-item__title\"><div>J\u0119drzej Tukaj &#8211; drums<\/div><\/summary><div class=\"wp-block-themeisle-blocks-accordion-item__content\">\n<p class=\"has-text-align-center\">Absolwent klasy perkusji Akademii Muzycznej w Katowicach. Laureat konkurs\u00f3w perkusyjnych. W 2015 roku zwyci\u0119zca konkursu Drum Battle w Legnicy. Na co dzie\u0144 wsp\u00f3\u0142pracuje z licznymi orkiestrami i zespo\u0142ami.<\/p>\n\n\n\n<figure class=\"wp-block-gallery has-nested-images columns-default is-cropped wp-block-gallery-5 is-layout-flex wp-block-gallery-is-layout-flex\">\n<figure class=\"wp-block-image size-large\"><img loading=\"lazy\" decoding=\"async\" width=\"1024\" height=\"576\" data-id=\"884\" src=\"https:\/\/barbarabroda-malon.art.pl\/wp-content\/uploads\/2025\/02\/IMG_8475-edited-1024x576.jpg\" alt=\"\" class=\"wp-image-884\"\/><\/figure>\n<\/figure>\n<\/div><\/details>\n\n\n\n<details class=\"wp-block-themeisle-blocks-accordion-item\"><summary class=\"wp-block-themeisle-blocks-accordion-item__title\"><div>Damian Drzyma\u0142a &#8211; drums<\/div><\/summary><div class=\"wp-block-themeisle-blocks-accordion-item__content\">\n<p class=\"has-text-align-center\">Absolwenty Akademii Muzycznej w Katowicach. Wsp\u00f3\u0142pracuje z wieloma orkiestrami i zespo\u0142ami. Odnajduje si\u0119 w ka\u017cdym gatunku muzycznym &#8211; mo\u017cna go us\u0142ysze\u0107 na wielu p\u0142ytach. <\/p>\n\n\n\n<figure class=\"wp-block-image size-full\"><img loading=\"lazy\" decoding=\"async\" width=\"859\" height=\"483\" src=\"https:\/\/barbarabroda-malon.art.pl\/wp-content\/uploads\/2025\/02\/Damian-Drzymala-zdj-edited.jpg\" alt=\"\" class=\"wp-image-908\" srcset=\"https:\/\/barbarabroda-malon.art.pl\/wp-content\/uploads\/2025\/02\/Damian-Drzymala-zdj-edited.jpg 859w, https:\/\/barbarabroda-malon.art.pl\/wp-content\/uploads\/2025\/02\/Damian-Drzymala-zdj-edited-24x13.jpg 24w, https:\/\/barbarabroda-malon.art.pl\/wp-content\/uploads\/2025\/02\/Damian-Drzymala-zdj-edited-36x20.jpg 36w, https:\/\/barbarabroda-malon.art.pl\/wp-content\/uploads\/2025\/02\/Damian-Drzymala-zdj-edited-48x27.jpg 48w\" sizes=\"(max-width: 859px) 100vw, 859px\" \/><\/figure>\n<\/div><\/details>\n\n\n\n<details class=\"wp-block-themeisle-blocks-accordion-item\"><summary class=\"wp-block-themeisle-blocks-accordion-item__title\"><div>Bart\u0142omiej Stuchlik &#8211; bass<\/div><\/summary><div class=\"wp-block-themeisle-blocks-accordion-item__content\">\n<p class=\"has-text-align-center\">Kontrabasista i gitarzysta basowy.  Cz\u0142onek zespo\u0142u Shakin&#8217; Dudi z kt\u00f3rym wielokrotnie wyst\u0119powa\u0142 na Rawa Blues Festiwal. Wsp\u00f3\u0142pracuje z wieloma zespo\u0142ami i artystami, a tak\u017ce z teatrami, m.in. w Czeskim Cieszynie czy Teatrem Miejskim w Gliwicach.<\/p>\n\n\n\n<figure class=\"wp-block-image size-large\"><img loading=\"lazy\" decoding=\"async\" width=\"2560\" height=\"960\" src=\"https:\/\/barbarabroda-malon.art.pl\/wp-content\/uploads\/2025\/02\/BBM-038-edited-scaled.jpg\" alt=\"\" class=\"wp-image-914\" srcset=\"https:\/\/barbarabroda-malon.art.pl\/wp-content\/uploads\/2025\/02\/BBM-038-edited-scaled.jpg 2560w, https:\/\/barbarabroda-malon.art.pl\/wp-content\/uploads\/2025\/02\/BBM-038-edited-1536x576.jpg 1536w, https:\/\/barbarabroda-malon.art.pl\/wp-content\/uploads\/2025\/02\/BBM-038-edited-2048x768.jpg 2048w, https:\/\/barbarabroda-malon.art.pl\/wp-content\/uploads\/2025\/02\/BBM-038-edited-24x9.jpg 24w, https:\/\/barbarabroda-malon.art.pl\/wp-content\/uploads\/2025\/02\/BBM-038-edited-36x14.jpg 36w, https:\/\/barbarabroda-malon.art.pl\/wp-content\/uploads\/2025\/02\/BBM-038-edited-48x18.jpg 48w\" sizes=\"(max-width: 2560px) 100vw, 2560px\" \/><\/figure>\n<\/div><\/details>\n<\/div>\n","protected":false},"excerpt":{"rendered":"<p>MUZYCY WSP\u00d3\u0141PRACUJ\u0104CY<\/p>\n","protected":false},"author":1,"featured_media":0,"parent":0,"menu_order":0,"comment_status":"closed","ping_status":"closed","template":"","meta":{"_themeisle_gutenberg_block_has_review":false,"_kadence_starter_templates_imported_post":false,"footnotes":""},"class_list":["post-473","page","type-page","status-publish","hentry"],"_links":{"self":[{"href":"https:\/\/barbarabroda-malon.art.pl\/index.php\/wp-json\/wp\/v2\/pages\/473","targetHints":{"allow":["GET"]}}],"collection":[{"href":"https:\/\/barbarabroda-malon.art.pl\/index.php\/wp-json\/wp\/v2\/pages"}],"about":[{"href":"https:\/\/barbarabroda-malon.art.pl\/index.php\/wp-json\/wp\/v2\/types\/page"}],"author":[{"embeddable":true,"href":"https:\/\/barbarabroda-malon.art.pl\/index.php\/wp-json\/wp\/v2\/users\/1"}],"replies":[{"embeddable":true,"href":"https:\/\/barbarabroda-malon.art.pl\/index.php\/wp-json\/wp\/v2\/comments?post=473"}],"version-history":[{"count":95,"href":"https:\/\/barbarabroda-malon.art.pl\/index.php\/wp-json\/wp\/v2\/pages\/473\/revisions"}],"predecessor-version":[{"id":931,"href":"https:\/\/barbarabroda-malon.art.pl\/index.php\/wp-json\/wp\/v2\/pages\/473\/revisions\/931"}],"wp:attachment":[{"href":"https:\/\/barbarabroda-malon.art.pl\/index.php\/wp-json\/wp\/v2\/media?parent=473"}],"curies":[{"name":"wp","href":"https:\/\/api.w.org\/{rel}","templated":true}]}}