{"id":457,"date":"2025-02-10T14:01:39","date_gmt":"2025-02-10T14:01:39","guid":{"rendered":"https:\/\/barbarabroda-malon.art.pl\/?page_id=457"},"modified":"2025-09-14T09:43:08","modified_gmt":"2025-09-14T08:43:08","slug":"projekty","status":"publish","type":"page","link":"https:\/\/barbarabroda-malon.art.pl\/index.php\/projekty\/","title":{"rendered":"Projekty"},"content":{"rendered":"\n<p><\/p>\n\n\n\n<figure class=\"wp-block-gallery has-nested-images columns-default is-cropped wp-block-gallery-1 is-layout-flex wp-block-gallery-is-layout-flex\">\n<figure class=\"wp-block-image aligncenter size-full animated backInDown slow is-style-default\"><img fetchpriority=\"high\" decoding=\"async\" width=\"2560\" height=\"960\" data-id=\"943\" src=\"https:\/\/barbarabroda-malon.art.pl\/wp-content\/uploads\/2025\/02\/BBM-055-3-edited-4-scaled.jpg\" alt=\"\" class=\"wp-image-943\" srcset=\"https:\/\/barbarabroda-malon.art.pl\/wp-content\/uploads\/2025\/02\/BBM-055-3-edited-4-scaled.jpg 2560w, https:\/\/barbarabroda-malon.art.pl\/wp-content\/uploads\/2025\/02\/BBM-055-3-edited-4-1536x576.jpg 1536w, https:\/\/barbarabroda-malon.art.pl\/wp-content\/uploads\/2025\/02\/BBM-055-3-edited-4-2048x768.jpg 2048w, https:\/\/barbarabroda-malon.art.pl\/wp-content\/uploads\/2025\/02\/BBM-055-3-edited-4-24x9.jpg 24w, https:\/\/barbarabroda-malon.art.pl\/wp-content\/uploads\/2025\/02\/BBM-055-3-edited-4-36x14.jpg 36w, https:\/\/barbarabroda-malon.art.pl\/wp-content\/uploads\/2025\/02\/BBM-055-3-edited-4-48x18.jpg 48w\" sizes=\"(max-width: 2560px) 100vw, 2560px\" \/><\/figure>\n<\/figure>\n\n\n\n<div id=\"wp-block-themeisle-blocks-accordion-d1387fd3\" class=\"wp-block-themeisle-blocks-accordion exclusive\">\n<details class=\"wp-block-themeisle-blocks-accordion-item\"><summary class=\"wp-block-themeisle-blocks-accordion-item__title\"><div>1.  RECITAL &#8222;POWR\u00d3CISZ TU&#8221;<br>Diamentowe piosenki z repertuaru Ireny Santor.<\/div><\/summary><div class=\"wp-block-themeisle-blocks-accordion-item__content\">\n<p>Koncert &#8222;Powr\u00f3cisz Tu&#8221; to diamentowo &#8211; muzyczne wspomnienia najwi\u0119kszych hit\u00f3w                 z repertuaru prawdziwej Damy Polskiej Piosenki &#8211; Ireny Santor.<\/p>\n\n\n\n<p>Diament&#8230;znaczy niepokonany, niezniszczalny&#8230;w\u0142a\u015bnie takie s\u0105 te utwory. Diamentowe d\u017awi\u0119ki, diamentowe teksty, zabrzmi\u0105 w nowych aran\u017cacyjnych ods\u0142onach. B\u0119dzie to swoiste po\u0142\u0105czenie tego, co znane&#8230;z tym, co poznane i us\u0142yszane, w\u0142a\u015bnie pomi\u0119dzy d\u017awi\u0119kami.<\/p>\n\n\n\n<p>Zapraszamy do Naszego, diamentowego \u015awiata.<\/p>\n\n\n\n<p>Czas trwania : 1h 15min.<\/p>\n\n\n\n<figure class=\"wp-block-image size-full is-resized\"><img decoding=\"async\" width=\"1641\" height=\"2048\" src=\"https:\/\/barbarabroda-malon.art.pl\/wp-content\/uploads\/2025\/03\/DSC_8178-worklogoFB-1.jpg\" alt=\"\" class=\"wp-image-1508\" style=\"width:397px;height:auto\" srcset=\"https:\/\/barbarabroda-malon.art.pl\/wp-content\/uploads\/2025\/03\/DSC_8178-worklogoFB-1.jpg 1641w, https:\/\/barbarabroda-malon.art.pl\/wp-content\/uploads\/2025\/03\/DSC_8178-worklogoFB-1-120x150.jpg 120w, https:\/\/barbarabroda-malon.art.pl\/wp-content\/uploads\/2025\/03\/DSC_8178-worklogoFB-1-1231x1536.jpg 1231w, https:\/\/barbarabroda-malon.art.pl\/wp-content\/uploads\/2025\/03\/DSC_8178-worklogoFB-1-19x24.jpg 19w, https:\/\/barbarabroda-malon.art.pl\/wp-content\/uploads\/2025\/03\/DSC_8178-worklogoFB-1-29x36.jpg 29w, https:\/\/barbarabroda-malon.art.pl\/wp-content\/uploads\/2025\/03\/DSC_8178-worklogoFB-1-38x48.jpg 38w\" sizes=\"(max-width: 1641px) 100vw, 1641px\" \/><\/figure>\n<\/div><\/details>\n\n\n\n<details class=\"wp-block-themeisle-blocks-accordion-item\"><summary class=\"wp-block-themeisle-blocks-accordion-item__title\"><div>2. RECITAL &#8222;NAJPI\u0118KNIEJSZE PIOSENKI Z DAWNYCH LAT&#8221;<\/div><\/summary><div class=\"wp-block-themeisle-blocks-accordion-item__content\">\n<p>Recital ten to najwi\u0119ksze przeboje takich artystek jak Ewa Demarczyk, <br>Irena Jarocka, Anna Jantar, Alicja Majewska i innych.<\/p>\n\n\n\n<p>Czas trwania : 60 min.<\/p>\n\n\n\n<figure class=\"wp-block-image size-full is-resized\"><img decoding=\"async\" width=\"1523\" height=\"2048\" src=\"https:\/\/barbarabroda-malon.art.pl\/wp-content\/uploads\/2025\/03\/DSC_8254-workBWlogoFB-2.jpg\" alt=\"\" class=\"wp-image-1514\" style=\"width:396px;height:auto\" srcset=\"https:\/\/barbarabroda-malon.art.pl\/wp-content\/uploads\/2025\/03\/DSC_8254-workBWlogoFB-2.jpg 1523w, https:\/\/barbarabroda-malon.art.pl\/wp-content\/uploads\/2025\/03\/DSC_8254-workBWlogoFB-2-112x150.jpg 112w, https:\/\/barbarabroda-malon.art.pl\/wp-content\/uploads\/2025\/03\/DSC_8254-workBWlogoFB-2-1142x1536.jpg 1142w, https:\/\/barbarabroda-malon.art.pl\/wp-content\/uploads\/2025\/03\/DSC_8254-workBWlogoFB-2-18x24.jpg 18w, https:\/\/barbarabroda-malon.art.pl\/wp-content\/uploads\/2025\/03\/DSC_8254-workBWlogoFB-2-27x36.jpg 27w, https:\/\/barbarabroda-malon.art.pl\/wp-content\/uploads\/2025\/03\/DSC_8254-workBWlogoFB-2-36x48.jpg 36w\" sizes=\"(max-width: 1523px) 100vw, 1523px\" \/><\/figure>\n<\/div><\/details>\n\n\n\n<details class=\"wp-block-themeisle-blocks-accordion-item\"><summary class=\"wp-block-themeisle-blocks-accordion-item__title\"><div>3. RECITAL &#8222;WYMY\u015aLI\u0141AM PEJZA\u017b TEN&#8221;<br>Piosenki z repertuaru Ireny Jarockiej oraz Anny Jantar.<\/div><\/summary><div class=\"wp-block-themeisle-blocks-accordion-item__content\">\n<p>Koncert ten, to muzyczna podr\u00f3\u017c wspomnie\u0144, w kt\u00f3rych g\u0142\u00f3wn\u0105 rol\u0119 odgrywaj\u0105 dwie wyj\u0105tkowe kobiety: Bursztynowa Dziewczyna &#8211; Anna Jantar i Kobieta Motyl &#8211; Irena Jarocka.<\/p>\n\n\n\n<p>Niezwykle barwne, delikatne, a zarazem silne, odwa\u017cne i wierne sobie kobiety, kt\u00f3re pokocha\u0142y miliony. Ich tw\u00f3rczo\u015b\u0107 zawsze by\u0142a i b\u0119dzie w pami\u0119ci ka\u017cdej wra\u017cliwej na pi\u0119kno osoby.<\/p>\n\n\n\n<p>Filtrujemy te piosenki przez siebie i pragniemy zaprezentowa\u0107 je Pa\u0144stwu w nieco innych aran\u017cacjach&#8230;bliskich Naszemu sercu.<\/p>\n\n\n\n<p>Patronat honorowy: Marian Zacharewicz<\/p>\n\n\n\n<p>Czas trwania : 1h 15min.<\/p>\n\n\n\n<figure class=\"wp-block-image size-full is-resized\"><img loading=\"lazy\" decoding=\"async\" width=\"2000\" height=\"1301\" src=\"https:\/\/barbarabroda-malon.art.pl\/wp-content\/uploads\/2025\/03\/DSC8296-1.jpg\" alt=\"\" class=\"wp-image-1516\" style=\"width:462px;height:auto\" srcset=\"https:\/\/barbarabroda-malon.art.pl\/wp-content\/uploads\/2025\/03\/DSC8296-1.jpg 2000w, https:\/\/barbarabroda-malon.art.pl\/wp-content\/uploads\/2025\/03\/DSC8296-1-150x98.jpg 150w, https:\/\/barbarabroda-malon.art.pl\/wp-content\/uploads\/2025\/03\/DSC8296-1-1536x999.jpg 1536w, https:\/\/barbarabroda-malon.art.pl\/wp-content\/uploads\/2025\/03\/DSC8296-1-24x16.jpg 24w, https:\/\/barbarabroda-malon.art.pl\/wp-content\/uploads\/2025\/03\/DSC8296-1-36x23.jpg 36w, https:\/\/barbarabroda-malon.art.pl\/wp-content\/uploads\/2025\/03\/DSC8296-1-48x31.jpg 48w\" sizes=\"(max-width: 2000px) 100vw, 2000px\" \/><\/figure>\n<\/div><\/details>\n\n\n\n<details class=\"wp-block-themeisle-blocks-accordion-item\"><summary class=\"wp-block-themeisle-blocks-accordion-item__title\"><div>4. RECITAL &#8222;G. KONTRA G.&#8221;<br>Piosenki z repertuaru Anny German oraz Marka Grechuty.<\/div><\/summary><div class=\"wp-block-themeisle-blocks-accordion-item__content\">\n<p>&#8222;Koncert wprowadza nas w klimat tw\u00f3rczo\u015bci tych dw\u00f3ch wyj\u0105tkowych artyst\u00f3w. Przez wiele lat ich piosenki podbija\u0142y serca wielu s\u0142uchaczy i wysoko by\u0142y oceniane przez krytyk\u00f3w muzycznych. Go\u015bci\u0142y na antenie radiowej, w telewizji, na estradach w najodleglejszych zak\u0105tkach kraju. Zajmowa\u0142y r\u00f3wnie\u017c czo\u0142owe miejsca na li\u015bcie przeboj\u00f3w i niejednokrotnie zdobywa\u0142y nagrody na festiwalach muzycznych. Zar\u00f3wno Anna German, jak Marek Grechuta na trwale zapisali si\u0119       w kulturze muzycznej, nie tylko polskiej. Pozostawili po sobie poka\u017any dorobek artystyczny, kt\u00f3ry wci\u0105\u017c inspiruje nowe pokolenia. Cieszy nas ogromnie, \u017ce po latach mo\u017cemy s\u0142ucha\u0107 ich utwor\u00f3w w nowej, rzec mo\u017cna, wsp\u00f3\u0142czesnej aran\u017cacji. Barbara Broda-Malon wraz ze swoim zespo\u0142em zaprasza pa\u0144stwa na ten niezwyk\u0142y wiecz\u00f3r b\u0119d\u0105cy swoistego rodzaju lirycznym &#8222;pojedynkiem&#8221; gigant\u00f3w polskiej piosenki. To w\u0142a\u015bnie tu pi\u0119kno i refleksja wpleciona               w poszczeg\u00f3lne frazy piosenki wzajemnie przenika si\u0119 i uzupe\u0142nia, ofiarowuj\u0105c nam bogaty wachlarz dozna\u0144.&#8221;<\/p>\n\n\n\n<p>Maria S\u0142omak-Sojka<\/p>\n\n\n\n<p>Czas trwania : 60 min.<\/p>\n\n\n\n<figure class=\"wp-block-image size-full is-resized\"><img loading=\"lazy\" decoding=\"async\" width=\"1365\" height=\"2048\" src=\"https:\/\/barbarabroda-malon.art.pl\/wp-content\/uploads\/2025\/03\/DSC_8232-worklogoFB-1.jpg\" alt=\"\" class=\"wp-image-1523\" style=\"width:394px;height:auto\" srcset=\"https:\/\/barbarabroda-malon.art.pl\/wp-content\/uploads\/2025\/03\/DSC_8232-worklogoFB-1.jpg 1365w, https:\/\/barbarabroda-malon.art.pl\/wp-content\/uploads\/2025\/03\/DSC_8232-worklogoFB-1-100x150.jpg 100w, https:\/\/barbarabroda-malon.art.pl\/wp-content\/uploads\/2025\/03\/DSC_8232-worklogoFB-1-1024x1536.jpg 1024w, https:\/\/barbarabroda-malon.art.pl\/wp-content\/uploads\/2025\/03\/DSC_8232-worklogoFB-1-16x24.jpg 16w, https:\/\/barbarabroda-malon.art.pl\/wp-content\/uploads\/2025\/03\/DSC_8232-worklogoFB-1-24x36.jpg 24w, https:\/\/barbarabroda-malon.art.pl\/wp-content\/uploads\/2025\/03\/DSC_8232-worklogoFB-1-32x48.jpg 32w\" sizes=\"(max-width: 1365px) 100vw, 1365px\" \/><\/figure>\n<\/div><\/details>\n\n\n\n<details class=\"wp-block-themeisle-blocks-accordion-item\"><summary class=\"wp-block-themeisle-blocks-accordion-item__title\"><div>5. RECITAL Z MUZYK\u0104 FILMOW\u0104 &#8222;NA SREBRNYM EKRANIE&#8221;<br>Patronat honorowy &#8211; Krzesimir D\u0119bski.<\/div><\/summary><div class=\"wp-block-themeisle-blocks-accordion-item__content\">\n<p>Recital z muzyk\u0105 filmow\u0105, w kt\u00f3rym spotkamy takich kompozytor\u00f3w jak: Krzesimir D\u0119bski, Micha\u0142 Lorenc, Jacques Brel, Seweryn Krajewski, Astor Piazzolla i wielu, wielu innych.<\/p>\n\n\n\n<p>Akcja recitalu zmienia si\u0119 w zawrotnym tempie, podobnie jak gatunki muzyczne, tworz\u0105c do\u015b\u0107 specyficzny kadr. A wszystko to wy\u015bwietlane b\u0119dzie &#8222;Na Srebrnym Ekranie&#8221;.<\/p>\n\n\n\n<p>Co snem, a co rzeczywisto\u015bci\u0105 si\u0119 stanie? &#8211; nie wiadomo&#8230;trzeba tego pos\u0142ucha\u0107.<\/p>\n\n\n\n<p>Czas trwania : 60 min.<\/p>\n\n\n\n<figure class=\"wp-block-image size-full is-resized\"><img loading=\"lazy\" decoding=\"async\" width=\"1600\" height=\"1067\" src=\"https:\/\/barbarabroda-malon.art.pl\/wp-content\/uploads\/2025\/03\/Zdjecie-22.08.2020-15-47-12-2.jpg\" alt=\"\" class=\"wp-image-1521\" style=\"width:463px;height:auto\" srcset=\"https:\/\/barbarabroda-malon.art.pl\/wp-content\/uploads\/2025\/03\/Zdjecie-22.08.2020-15-47-12-2.jpg 1600w, https:\/\/barbarabroda-malon.art.pl\/wp-content\/uploads\/2025\/03\/Zdjecie-22.08.2020-15-47-12-2-150x100.jpg 150w, https:\/\/barbarabroda-malon.art.pl\/wp-content\/uploads\/2025\/03\/Zdjecie-22.08.2020-15-47-12-2-1536x1024.jpg 1536w, https:\/\/barbarabroda-malon.art.pl\/wp-content\/uploads\/2025\/03\/Zdjecie-22.08.2020-15-47-12-2-24x16.jpg 24w, https:\/\/barbarabroda-malon.art.pl\/wp-content\/uploads\/2025\/03\/Zdjecie-22.08.2020-15-47-12-2-36x24.jpg 36w, https:\/\/barbarabroda-malon.art.pl\/wp-content\/uploads\/2025\/03\/Zdjecie-22.08.2020-15-47-12-2-48x32.jpg 48w\" sizes=\"(max-width: 1600px) 100vw, 1600px\" \/><\/figure>\n<\/div><\/details>\n\n\n\n<details class=\"wp-block-themeisle-blocks-accordion-item\"><summary class=\"wp-block-themeisle-blocks-accordion-item__title\"><div>6. RECITAL &#8222;ROCKOWA ILUZJA&#8221;<br>Najwi\u0119ksze przeboje polskiego rocka lat 90-tych.<\/div><\/summary><div class=\"wp-block-themeisle-blocks-accordion-item__content\">\n<p>Piosenki przy kt\u00f3rych&#8230;dzi\u0119ki kt\u00f3rym&#8230;dla kt\u00f3rych&#8230;czyli to na czym si\u0119 wychowali\u015bmy i co bez w\u0105tpienia ukszta\u0142towa\u0142o Nasz\u0105 osobowo\u015b\u0107.<\/p>\n\n\n\n<p>Tzw. &#8222;Iluzja&#8221; Naszej muzycznej przesz\u0142o\u015bci, lecz w nieco \u0142agodniejszej oprawie i autorskich aran\u017cacjach.<\/p>\n\n\n\n<p>Zatopimy si\u0119 w tw\u00f3rczo\u015b\u0107 takich zespo\u0142\u00f3w jak: Maanam, Bajm, Hej, D\u017cem, Perfect, Wilki, Oddzia\u0142 Zamkni\u0119ty, O.N.A., HUMAN, Ziyo, Lombard&#8230; i innych.<\/p>\n\n\n\n<p>Czas trwania : 1h 15min.<\/p>\n\n\n\n<figure class=\"wp-block-image size-full is-resized\"><img loading=\"lazy\" decoding=\"async\" width=\"2048\" height=\"1179\" src=\"https:\/\/barbarabroda-malon.art.pl\/wp-content\/uploads\/2025\/03\/IMG_1385.jpg\" alt=\"\" class=\"wp-image-1519\" style=\"width:463px;height:auto\" srcset=\"https:\/\/barbarabroda-malon.art.pl\/wp-content\/uploads\/2025\/03\/IMG_1385.jpg 2048w, https:\/\/barbarabroda-malon.art.pl\/wp-content\/uploads\/2025\/03\/IMG_1385-150x86.jpg 150w, https:\/\/barbarabroda-malon.art.pl\/wp-content\/uploads\/2025\/03\/IMG_1385-1536x884.jpg 1536w, https:\/\/barbarabroda-malon.art.pl\/wp-content\/uploads\/2025\/03\/IMG_1385-24x14.jpg 24w, https:\/\/barbarabroda-malon.art.pl\/wp-content\/uploads\/2025\/03\/IMG_1385-36x21.jpg 36w, https:\/\/barbarabroda-malon.art.pl\/wp-content\/uploads\/2025\/03\/IMG_1385-48x28.jpg 48w\" sizes=\"(max-width: 2048px) 100vw, 2048px\" \/><\/figure>\n<\/div><\/details>\n\n\n\n<details class=\"wp-block-themeisle-blocks-accordion-item\"><summary class=\"wp-block-themeisle-blocks-accordion-item__title\"><div>7. MUSICAL\/KONCERT &#8222;MI\u0141O\u015a\u0106 NIE\/POWA\u017bNA&#8221;<br>Rafa\u0142 Supi\u0144ski i Barbara Broda-Malon z zespo\u0142em.<\/div><\/summary><div class=\"wp-block-themeisle-blocks-accordion-item__content\">\n<p>Koncert musicalowy &#8222;Mi\u0142o\u015b\u0107 Nie\/Powa\u017cna&#8221;, jest kola\u017cem niesamowitych i pe\u0142nych energii utwor\u00f3w musicalowych, kt\u00f3re traktuj\u0105 o mi\u0142o\u015bci. Dope\u0142nieniem koncertu jest teatralna inscenizacja utwor\u00f3w oraz zesp\u00f3\u0142 muzyczny stworzony z czo\u0142owych Polskich muzyk\u00f3w.<\/p>\n\n\n\n<p>Premiera koncertu odby\u0142a si\u0119 2 marca 2015r. na scenie pod Ratuszem w Krakowie (Teatr Ludowy).<\/p>\n\n\n\n<p>Koncert jest obj\u0119ty Patronatem Honorowym przez Krakowski Teatr Variete, portal Teraz Teatr, audycj\u0119 Ten ca\u0142y Musical (Polskie Radio Dw\u00f3jka) oraz wsp\u00f3\u0142prac\u0119 redakcyjn\u0105 RMF Classic,.<\/p>\n\n\n\n<p>Czas trwania : 1h 20 min.<\/p>\n\n\n\n<figure class=\"wp-block-gallery has-nested-images columns-default is-cropped wp-block-gallery-2 is-layout-flex wp-block-gallery-is-layout-flex\">\n<figure class=\"wp-block-image size-large\"><img loading=\"lazy\" decoding=\"async\" width=\"1000\" height=\"667\" data-id=\"945\" src=\"https:\/\/barbarabroda-malon.art.pl\/wp-content\/uploads\/2025\/02\/E4B3624.jpg\" alt=\"\" class=\"wp-image-945\" srcset=\"https:\/\/barbarabroda-malon.art.pl\/wp-content\/uploads\/2025\/02\/E4B3624.jpg 1000w, https:\/\/barbarabroda-malon.art.pl\/wp-content\/uploads\/2025\/02\/E4B3624-24x16.jpg 24w, https:\/\/barbarabroda-malon.art.pl\/wp-content\/uploads\/2025\/02\/E4B3624-36x24.jpg 36w, https:\/\/barbarabroda-malon.art.pl\/wp-content\/uploads\/2025\/02\/E4B3624-48x32.jpg 48w\" sizes=\"(max-width: 1000px) 100vw, 1000px\" \/><\/figure>\n\n\n\n<figure class=\"wp-block-image size-full\"><img loading=\"lazy\" decoding=\"async\" width=\"1000\" height=\"667\" data-id=\"951\" src=\"https:\/\/barbarabroda-malon.art.pl\/wp-content\/uploads\/2025\/02\/E4B3788.jpg\" alt=\"\" class=\"wp-image-951\" srcset=\"https:\/\/barbarabroda-malon.art.pl\/wp-content\/uploads\/2025\/02\/E4B3788.jpg 1000w, https:\/\/barbarabroda-malon.art.pl\/wp-content\/uploads\/2025\/02\/E4B3788-24x16.jpg 24w, https:\/\/barbarabroda-malon.art.pl\/wp-content\/uploads\/2025\/02\/E4B3788-36x24.jpg 36w, https:\/\/barbarabroda-malon.art.pl\/wp-content\/uploads\/2025\/02\/E4B3788-48x32.jpg 48w\" sizes=\"(max-width: 1000px) 100vw, 1000px\" \/><\/figure>\n\n\n\n<figure class=\"wp-block-image size-large\"><img loading=\"lazy\" decoding=\"async\" width=\"1000\" height=\"667\" data-id=\"946\" src=\"https:\/\/barbarabroda-malon.art.pl\/wp-content\/uploads\/2025\/02\/E4B3715.jpg\" alt=\"\" class=\"wp-image-946\" srcset=\"https:\/\/barbarabroda-malon.art.pl\/wp-content\/uploads\/2025\/02\/E4B3715.jpg 1000w, https:\/\/barbarabroda-malon.art.pl\/wp-content\/uploads\/2025\/02\/E4B3715-24x16.jpg 24w, https:\/\/barbarabroda-malon.art.pl\/wp-content\/uploads\/2025\/02\/E4B3715-36x24.jpg 36w, https:\/\/barbarabroda-malon.art.pl\/wp-content\/uploads\/2025\/02\/E4B3715-48x32.jpg 48w\" sizes=\"(max-width: 1000px) 100vw, 1000px\" \/><\/figure>\n<\/figure>\n<\/div><\/details>\n\n\n\n<details class=\"wp-block-themeisle-blocks-accordion-item\"><summary class=\"wp-block-themeisle-blocks-accordion-item__title\"><div>8. KOMEDIA MUZYCZNA &#8222;DOKTOR MI\u0141O\u015a\u0106&#8221; &#8211; re\u017cyseria Jan Jakub Nale\u017cyty.<br>Spektakl kabaretowo-muzyczny. Piosenki Kaliny J\u0119drusik, Mariana Hemara, Kabaretu Starszych Pan\u00f3w i innych.<\/div><\/summary><div class=\"wp-block-themeisle-blocks-accordion-item__content\">\n<p>Akcja toczy si\u0119 w gabinecie psychoterapeuty Doktora Mi\u0142o\u015b\u0107, kt\u00f3rego drugim zawodem jest &#8222;zaw\u00f3d mi\u0142osny&#8221;. Zabawne perypetie pacjentek w po\u0142\u0105czeniu z niebanalnymi metodami Doktora spowoduj\u0105, \u017ce szyslkie Panie na widowni zapisz\u0105 si\u0119 na wizyt\u0119, a ich Panowie b\u0119d\u0105 zachwyceni efektami &#8222;terapii&#8221;. Ca\u0142o\u015b\u0107 poprzeplatana jest najbardziej znanymi i cenionymi piosenkami z repertuaru Kaliny J\u0119drusik, Kabaretu Starszych Pan\u00f3w, Mariana Hemara i innych&#8230;<\/p>\n\n\n\n<p>Obsada :<\/p>\n\n\n\n<p>Ewa Romaniak, Barbara Broda-Malon, Grzegorz Juras, Konrad Masty\u0142o, Sebastian Malon.<\/p>\n\n\n\n<p>Czas trwania : 1h 30 min.<\/p>\n\n\n\n<figure class=\"wp-block-image size-full is-resized\"><img loading=\"lazy\" decoding=\"async\" width=\"2560\" height=\"2560\" src=\"https:\/\/barbarabroda-malon.art.pl\/wp-content\/uploads\/2025\/02\/KOMEDIA-MUZYCZNA-DOKTOR-MILOSC-scaled.jpeg\" alt=\"\" class=\"wp-image-949\" style=\"width:510px;height:auto\" srcset=\"https:\/\/barbarabroda-malon.art.pl\/wp-content\/uploads\/2025\/02\/KOMEDIA-MUZYCZNA-DOKTOR-MILOSC-scaled.jpeg 2560w, https:\/\/barbarabroda-malon.art.pl\/wp-content\/uploads\/2025\/02\/KOMEDIA-MUZYCZNA-DOKTOR-MILOSC-300x300.jpeg 300w, https:\/\/barbarabroda-malon.art.pl\/wp-content\/uploads\/2025\/02\/KOMEDIA-MUZYCZNA-DOKTOR-MILOSC-1024x1024.jpeg 1024w, https:\/\/barbarabroda-malon.art.pl\/wp-content\/uploads\/2025\/02\/KOMEDIA-MUZYCZNA-DOKTOR-MILOSC-150x150.jpeg 150w, https:\/\/barbarabroda-malon.art.pl\/wp-content\/uploads\/2025\/02\/KOMEDIA-MUZYCZNA-DOKTOR-MILOSC-768x768.jpeg 768w, https:\/\/barbarabroda-malon.art.pl\/wp-content\/uploads\/2025\/02\/KOMEDIA-MUZYCZNA-DOKTOR-MILOSC-1536x1536.jpeg 1536w, https:\/\/barbarabroda-malon.art.pl\/wp-content\/uploads\/2025\/02\/KOMEDIA-MUZYCZNA-DOKTOR-MILOSC-2048x2048.jpeg 2048w, https:\/\/barbarabroda-malon.art.pl\/wp-content\/uploads\/2025\/02\/KOMEDIA-MUZYCZNA-DOKTOR-MILOSC-24x24.jpeg 24w, https:\/\/barbarabroda-malon.art.pl\/wp-content\/uploads\/2025\/02\/KOMEDIA-MUZYCZNA-DOKTOR-MILOSC-36x36.jpeg 36w, https:\/\/barbarabroda-malon.art.pl\/wp-content\/uploads\/2025\/02\/KOMEDIA-MUZYCZNA-DOKTOR-MILOSC-48x48.jpeg 48w\" sizes=\"(max-width: 2560px) 100vw, 2560px\" \/><\/figure>\n<\/div><\/details>\n\n\n\n<details class=\"wp-block-themeisle-blocks-accordion-item\"><summary class=\"wp-block-themeisle-blocks-accordion-item__title\"><div>9. KONCERT &#8222;TEN MAGICZNY, KOL\u0118DOWY CZAS&#8221;.  Najpi\u0119kniejsze polskie kol\u0119dy i pastora\u0142ki.<\/div><\/summary><div class=\"wp-block-themeisle-blocks-accordion-item__content\">\n<p>\u015awi\u0119ta Bo\u017cego Narodzenia, to bez w\u0105tpienia czas mi\u0142o\u015bci, blisko\u015bci i zaufania, w to wszystko, co dopiero przed Nami. <\/p>\n\n\n\n<p>Magiczne, pe\u0142ne muzycznego blasku kol\u0119dy i pastora\u0142ki, zabrzmi\u0105 w nowych aran\u017cacyjnych ods\u0142onach. <\/p>\n\n\n\n<p>Czas trwania : 60 min.<\/p>\n\n\n\n<figure class=\"wp-block-image size-full is-resized\"><img loading=\"lazy\" decoding=\"async\" width=\"1414\" height=\"2000\" src=\"https:\/\/barbarabroda-malon.art.pl\/wp-content\/uploads\/2025\/09\/Plakat-media.jpg\" alt=\"\" class=\"wp-image-1712\" style=\"width:345px;height:auto\" srcset=\"https:\/\/barbarabroda-malon.art.pl\/wp-content\/uploads\/2025\/09\/Plakat-media.jpg 1414w, https:\/\/barbarabroda-malon.art.pl\/wp-content\/uploads\/2025\/09\/Plakat-media-106x150.jpg 106w, https:\/\/barbarabroda-malon.art.pl\/wp-content\/uploads\/2025\/09\/Plakat-media-1086x1536.jpg 1086w, https:\/\/barbarabroda-malon.art.pl\/wp-content\/uploads\/2025\/09\/Plakat-media-17x24.jpg 17w, https:\/\/barbarabroda-malon.art.pl\/wp-content\/uploads\/2025\/09\/Plakat-media-25x36.jpg 25w, https:\/\/barbarabroda-malon.art.pl\/wp-content\/uploads\/2025\/09\/Plakat-media-34x48.jpg 34w\" sizes=\"(max-width: 1414px) 100vw, 1414px\" \/><\/figure>\n<\/div><\/details>\n<\/div>\n","protected":false},"excerpt":{"rendered":"","protected":false},"author":1,"featured_media":0,"parent":0,"menu_order":0,"comment_status":"closed","ping_status":"closed","template":"","meta":{"_themeisle_gutenberg_block_has_review":false,"_kadence_starter_templates_imported_post":false,"footnotes":""},"class_list":["post-457","page","type-page","status-publish","hentry"],"_links":{"self":[{"href":"https:\/\/barbarabroda-malon.art.pl\/index.php\/wp-json\/wp\/v2\/pages\/457","targetHints":{"allow":["GET"]}}],"collection":[{"href":"https:\/\/barbarabroda-malon.art.pl\/index.php\/wp-json\/wp\/v2\/pages"}],"about":[{"href":"https:\/\/barbarabroda-malon.art.pl\/index.php\/wp-json\/wp\/v2\/types\/page"}],"author":[{"embeddable":true,"href":"https:\/\/barbarabroda-malon.art.pl\/index.php\/wp-json\/wp\/v2\/users\/1"}],"replies":[{"embeddable":true,"href":"https:\/\/barbarabroda-malon.art.pl\/index.php\/wp-json\/wp\/v2\/comments?post=457"}],"version-history":[{"count":68,"href":"https:\/\/barbarabroda-malon.art.pl\/index.php\/wp-json\/wp\/v2\/pages\/457\/revisions"}],"predecessor-version":[{"id":1737,"href":"https:\/\/barbarabroda-malon.art.pl\/index.php\/wp-json\/wp\/v2\/pages\/457\/revisions\/1737"}],"wp:attachment":[{"href":"https:\/\/barbarabroda-malon.art.pl\/index.php\/wp-json\/wp\/v2\/media?parent=457"}],"curies":[{"name":"wp","href":"https:\/\/api.w.org\/{rel}","templated":true}]}}