{"id":1157,"date":"2025-02-26T14:07:48","date_gmt":"2025-02-26T14:07:48","guid":{"rendered":"https:\/\/barbarabroda-malon.art.pl\/?page_id=1157"},"modified":"2025-12-19T15:02:03","modified_gmt":"2025-12-19T14:02:03","slug":"news","status":"publish","type":"page","link":"https:\/\/barbarabroda-malon.art.pl\/index.php\/news\/","title":{"rendered":"News"},"content":{"rendered":"\n<p><\/p>\n\n\n<div class=\"wp-block-themeisle-blocks-posts-grid\" id=\"wp-block-themeisle-blocks-posts-grid-0c57aa02\"><div class=\"is-list\"><div class=\"o-posts-grid-post-blog o-posts-grid-post-plain\"><div class=\"o-posts-grid-post\"><div class=\"o-posts-grid-post-body is-full\"><h4 class=\"o-posts-grid-post-title\"><a href=\"https:\/\/barbarabroda-malon.art.pl\/index.php\/2026\/02\/23\/1926\/\"><\/a><\/h4><div class=\"o-posts-grid-post-description\"><p>Luty i marzec:<\/p><\/div><\/div><\/div><\/div><div class=\"o-posts-grid-post-blog o-posts-grid-post-plain\"><div class=\"o-posts-grid-post\"><div class=\"o-posts-grid-post-body is-full\"><h4 class=\"o-posts-grid-post-title\"><a href=\"https:\/\/barbarabroda-malon.art.pl\/index.php\/2026\/02\/23\/1922\/\"><\/a><\/h4><div class=\"o-posts-grid-post-description\"><p>teatralnie, komediowo i muzycznie \ud83c\udfa4\ud83c\udfad\u2764\ufe0f<\/p><\/div><\/div><\/div><\/div><div class=\"o-posts-grid-post-blog o-posts-grid-post-plain\"><div class=\"o-posts-grid-post\"><div class=\"o-posts-grid-post-body is-full\"><h4 class=\"o-posts-grid-post-title\"><a href=\"https:\/\/barbarabroda-malon.art.pl\/index.php\/2026\/02\/23\/1920\/\"><\/a><\/h4><div class=\"o-posts-grid-post-description\"><p>15.02 &#8211; Komedia Muzyczna Doktor Mi\u0142o\u015b\u0107 &#8211; Bia\u0142e B\u0142ota<\/p><\/div><\/div><\/div><\/div><div class=\"o-posts-grid-post-blog o-posts-grid-post-plain\"><div class=\"o-posts-grid-post\"><div class=\"o-posts-grid-post-body is-full\"><h4 class=\"o-posts-grid-post-title\"><a href=\"https:\/\/barbarabroda-malon.art.pl\/index.php\/2026\/02\/23\/1918\/\"><\/a><\/h4><div class=\"o-posts-grid-post-description\"><p>21.02 &#8211; Komedia Muzyczna Doktor Mi\u0142o\u015b\u0107 &#8211; Ole\u015bnica<\/p><\/div><\/div><\/div><\/div><div class=\"o-posts-grid-post-blog o-posts-grid-post-plain\"><div class=\"o-posts-grid-post\"><div class=\"o-posts-grid-post-body is-full\"><h4 class=\"o-posts-grid-post-title\"><a href=\"https:\/\/barbarabroda-malon.art.pl\/index.php\/2026\/02\/23\/1916\/\"><\/a><\/h4><div class=\"o-posts-grid-post-description\"><p>1.03 &#8211; Komedia Muzyczna Doktor Mi\u0142o\u015b\u0107 &#8211; \u017belechlinek<\/p><\/div><\/div><\/div><\/div><div class=\"o-posts-grid-post-blog o-posts-grid-post-plain\"><div class=\"o-posts-grid-post\"><div class=\"o-posts-grid-post-body is-full\"><h4 class=\"o-posts-grid-post-title\"><a href=\"https:\/\/barbarabroda-malon.art.pl\/index.php\/2026\/02\/23\/1914\/\"><\/a><\/h4><div class=\"o-posts-grid-post-description\"><p>14.03 &#8211; Komedia Muzyczna Doktor Mi\u0142o\u015b\u0107 &#8211; Go\u0142otczyzna<\/p><\/div><\/div><\/div><\/div><div class=\"o-posts-grid-post-blog o-posts-grid-post-plain\"><div class=\"o-posts-grid-post\"><div class=\"o-posts-grid-post-body is-full\"><h4 class=\"o-posts-grid-post-title\"><a href=\"https:\/\/barbarabroda-malon.art.pl\/index.php\/2026\/02\/23\/1912\/\"><\/a><\/h4><div class=\"o-posts-grid-post-description\"><p>29.03 &#8211; Musical DOPAMINA: 2 PREMIERA z moim udzia\u0142em &#8211; Centrum Kultury \u015al\u0105skiej w \u015awi\u0119toch\u0142owicach<\/p><\/div><\/div><\/div><\/div><div class=\"o-posts-grid-post-blog o-posts-grid-post-plain\"><div class=\"o-posts-grid-post\"><div class=\"o-posts-grid-post-body is-full\"><h4 class=\"o-posts-grid-post-title\"><a href=\"https:\/\/barbarabroda-malon.art.pl\/index.php\/2025\/12\/19\/1844\/\"><\/a><\/h4><div class=\"o-posts-grid-post-description\"><p>Do zobaczenia \ud83d\udc4b \ud83c\udfb6\ud83c\udfa4\ud83c\udfb6\ud83c\udfa4\ud83c\udfb6\ud83c\udfa4\ud83c\udfb6\ud83c\udfa4<\/p><\/div><\/div><\/div><\/div><\/div> <div class=\"o-posts-grid-pag\"><span aria-current=\"page\" class=\"page-numbers current\">1<\/span>\n<a class=\"page-numbers\" href=\"https:\/\/barbarabroda-malon.art.pl\/index.php\/wp-json\/wp\/v2\/pages\/1157\/?paged=2\">2<\/a>\n<a class=\"page-numbers\" href=\"https:\/\/barbarabroda-malon.art.pl\/index.php\/wp-json\/wp\/v2\/pages\/1157\/?paged=3\">3<\/a>\n<span class=\"page-numbers dots\">&hellip;<\/span>\n<a class=\"page-numbers\" href=\"https:\/\/barbarabroda-malon.art.pl\/index.php\/wp-json\/wp\/v2\/pages\/1157\/?paged=5\">5<\/a>\n<a class=\"next page-numbers\" href=\"https:\/\/barbarabroda-malon.art.pl\/index.php\/wp-json\/wp\/v2\/pages\/1157\/?paged=2\">Nast\u0119pny<\/a><\/div><\/div>","protected":false},"excerpt":{"rendered":"","protected":false},"author":1,"featured_media":0,"parent":0,"menu_order":0,"comment_status":"closed","ping_status":"closed","template":"","meta":{"_themeisle_gutenberg_block_has_review":false,"_kadence_starter_templates_imported_post":false,"footnotes":""},"class_list":["post-1157","page","type-page","status-publish","hentry"],"_links":{"self":[{"href":"https:\/\/barbarabroda-malon.art.pl\/index.php\/wp-json\/wp\/v2\/pages\/1157","targetHints":{"allow":["GET"]}}],"collection":[{"href":"https:\/\/barbarabroda-malon.art.pl\/index.php\/wp-json\/wp\/v2\/pages"}],"about":[{"href":"https:\/\/barbarabroda-malon.art.pl\/index.php\/wp-json\/wp\/v2\/types\/page"}],"author":[{"embeddable":true,"href":"https:\/\/barbarabroda-malon.art.pl\/index.php\/wp-json\/wp\/v2\/users\/1"}],"replies":[{"embeddable":true,"href":"https:\/\/barbarabroda-malon.art.pl\/index.php\/wp-json\/wp\/v2\/comments?post=1157"}],"version-history":[{"count":38,"href":"https:\/\/barbarabroda-malon.art.pl\/index.php\/wp-json\/wp\/v2\/pages\/1157\/revisions"}],"predecessor-version":[{"id":1827,"href":"https:\/\/barbarabroda-malon.art.pl\/index.php\/wp-json\/wp\/v2\/pages\/1157\/revisions\/1827"}],"wp:attachment":[{"href":"https:\/\/barbarabroda-malon.art.pl\/index.php\/wp-json\/wp\/v2\/media?parent=1157"}],"curies":[{"name":"wp","href":"https:\/\/api.w.org\/{rel}","templated":true}]}}